{"id":548,"date":"2021-06-15T09:25:59","date_gmt":"2021-06-15T07:25:59","guid":{"rendered":"https:\/\/nathalyarocas.com\/?page_id=548"},"modified":"2026-02-01T17:57:22","modified_gmt":"2026-02-01T16:57:22","slug":"massages-bien-etre","status":"publish","type":"page","link":"https:\/\/nathalyarocas.com\/?page_id=548","title":{"rendered":"MASSAGES BIEN-\u00caTRE"},"content":{"rendered":"\t\t<div data-elementor-type=\"wp-page\" data-elementor-id=\"548\" class=\"elementor elementor-548\">\n\t\t\t\t\t\t<div class=\"elementor-inner\">\n\t\t\t\t<div class=\"elementor-section-wrap\">\n\t\t\t\t\t\t\t\t\t<section class=\"elementor-section elementor-top-section elementor-element elementor-element-d2e1505 elementor-section-boxed elementor-section-height-default elementor-section-height-default\" data-id=\"d2e1505\" data-element_type=\"section\">\n\t\t\t\t\t\t<div class=\"elementor-container elementor-column-gap-default\">\n\t\t\t\t\t\t\t<div class=\"elementor-row\">\n\t\t\t\t\t<div class=\"elementor-column elementor-col-100 elementor-top-column elementor-element elementor-element-a0e121a\" data-id=\"a0e121a\" data-element_type=\"column\">\n\t\t\t<div class=\"elementor-column-wrap elementor-element-populated\">\n\t\t\t\t\t\t\t<div class=\"elementor-widget-wrap\">\n\t\t\t\t\t\t<div class=\"elementor-element elementor-element-3c506ef elementor-widget elementor-widget-heading\" data-id=\"3c506ef\" data-element_type=\"widget\" data-widget_type=\"heading.default\">\n\t\t\t\t<div class=\"elementor-widget-container\">\n\t\t\t<h2 class=\"elementor-heading-title elementor-size-large\">Massages et Drainages Lymphatiques Esth\u00e9tiques:<br><br>Paris 15 : \u00e0 Domicile<br>Garches (92): Espace drainage<br>Valenton (94): Espace bien-\u00eatre Relax'n'dance (en attente de r\u00e9novation)<br>A Domicile sur demande: 94 et Paris<br><br>Dans l'aveyron plusieurs fois par an pour des visites de soins exceptionelles.<br><br>!! Si vous envoyez une demande de prix ou de reservation par mail, n'oubliez pas de regarder vos spams, car je r\u00e9ponds a tous les mails \ud83d\ude09<\/h2>\t\t<\/div>\n\t\t\t\t<\/div>\n\t\t\t\t\t\t<\/div>\n\t\t\t\t\t<\/div>\n\t\t<\/div>\n\t\t\t\t\t\t\t\t<\/div>\n\t\t\t\t\t<\/div>\n\t\t<\/section>\n\t\t\t\t<section class=\"elementor-section elementor-top-section elementor-element elementor-element-e306350 elementor-section-boxed elementor-section-height-default elementor-section-height-default\" data-id=\"e306350\" data-element_type=\"section\">\n\t\t\t\t\t\t<div class=\"elementor-container elementor-column-gap-default\">\n\t\t\t\t\t\t\t<div class=\"elementor-row\">\n\t\t\t\t\t<div class=\"elementor-column elementor-col-100 elementor-top-column elementor-element elementor-element-fc51cda\" data-id=\"fc51cda\" data-element_type=\"column\">\n\t\t\t<div class=\"elementor-column-wrap elementor-element-populated\">\n\t\t\t\t\t\t\t<div class=\"elementor-widget-wrap\">\n\t\t\t\t\t\t<div class=\"elementor-element elementor-element-6dacb29 elementor-widget elementor-widget-image\" data-id=\"6dacb29\" data-element_type=\"widget\" data-widget_type=\"image.default\">\n\t\t\t\t<div class=\"elementor-widget-container\">\n\t\t\t\t\t\t\t\t<div class=\"elementor-image\">\n\t\t\t\t\t\t\t\t\t\t\t\t<img loading=\"lazy\" decoding=\"async\" width=\"500\" height=\"500\" src=\"https:\/\/nathalyarocas.com\/wp-content\/uploads\/2021\/11\/logo-drainage-2.png\" class=\"attachment-large size-large\" alt=\"\" srcset=\"https:\/\/nathalyarocas.com\/wp-content\/uploads\/2021\/11\/logo-drainage-2.png 500w, https:\/\/nathalyarocas.com\/wp-content\/uploads\/2021\/11\/logo-drainage-2-300x300.png 300w, https:\/\/nathalyarocas.com\/wp-content\/uploads\/2021\/11\/logo-drainage-2-150x150.png 150w, https:\/\/nathalyarocas.com\/wp-content\/uploads\/2021\/11\/logo-drainage-2-370x370.png 370w, https:\/\/nathalyarocas.com\/wp-content\/uploads\/2021\/11\/logo-drainage-2-100x100.png 100w\" sizes=\"auto, (max-width: 500px) 100vw, 500px\" \/>\t\t\t\t\t\t\t\t\t\t\t\t\t\t<\/div>\n\t\t\t\t\t\t<\/div>\n\t\t\t\t<\/div>\n\t\t\t\t\t\t<\/div>\n\t\t\t\t\t<\/div>\n\t\t<\/div>\n\t\t\t\t\t\t\t\t<\/div>\n\t\t\t\t\t<\/div>\n\t\t<\/section>\n\t\t\t\t<section class=\"elementor-section elementor-top-section elementor-element elementor-element-7d59f71 elementor-section-boxed elementor-section-height-default elementor-section-height-default\" data-id=\"7d59f71\" data-element_type=\"section\">\n\t\t\t\t\t\t<div class=\"elementor-container elementor-column-gap-default\">\n\t\t\t\t\t\t\t<div class=\"elementor-row\">\n\t\t\t\t\t<div class=\"elementor-column elementor-col-50 elementor-top-column elementor-element elementor-element-1be5dfc\" data-id=\"1be5dfc\" data-element_type=\"column\">\n\t\t\t<div class=\"elementor-column-wrap elementor-element-populated\">\n\t\t\t\t\t\t\t<div class=\"elementor-widget-wrap\">\n\t\t\t\t\t\t<div class=\"elementor-element elementor-element-1973093 elementor-widget elementor-widget-image\" data-id=\"1973093\" data-element_type=\"widget\" data-widget_type=\"image.default\">\n\t\t\t\t<div class=\"elementor-widget-container\">\n\t\t\t\t\t\t\t\t<div class=\"elementor-image\">\n\t\t\t\t\t\t\t\t\t\t\t\t<img loading=\"lazy\" decoding=\"async\" width=\"840\" height=\"840\" src=\"https:\/\/nathalyarocas.com\/wp-content\/uploads\/2021\/11\/post-Drainage-1024x1024.jpg\" class=\"attachment-large size-large\" alt=\"\" srcset=\"https:\/\/nathalyarocas.com\/wp-content\/uploads\/2021\/11\/post-Drainage-1024x1024.jpg 1024w, https:\/\/nathalyarocas.com\/wp-content\/uploads\/2021\/11\/post-Drainage-300x300.jpg 300w, https:\/\/nathalyarocas.com\/wp-content\/uploads\/2021\/11\/post-Drainage-150x150.jpg 150w, https:\/\/nathalyarocas.com\/wp-content\/uploads\/2021\/11\/post-Drainage-768x768.jpg 768w, https:\/\/nathalyarocas.com\/wp-content\/uploads\/2021\/11\/post-Drainage-370x370.jpg 370w, https:\/\/nathalyarocas.com\/wp-content\/uploads\/2021\/11\/post-Drainage-1040x1040.jpg 1040w, https:\/\/nathalyarocas.com\/wp-content\/uploads\/2021\/11\/post-Drainage-600x600.jpg 600w, https:\/\/nathalyarocas.com\/wp-content\/uploads\/2021\/11\/post-Drainage-100x100.jpg 100w, https:\/\/nathalyarocas.com\/wp-content\/uploads\/2021\/11\/post-Drainage.jpg 1080w\" sizes=\"auto, (max-width: 840px) 100vw, 840px\" \/>\t\t\t\t\t\t\t\t\t\t\t\t\t\t<\/div>\n\t\t\t\t\t\t<\/div>\n\t\t\t\t<\/div>\n\t\t\t\t\t\t<\/div>\n\t\t\t\t\t<\/div>\n\t\t<\/div>\n\t\t\t\t<div class=\"elementor-column elementor-col-50 elementor-top-column elementor-element elementor-element-4a75029\" data-id=\"4a75029\" data-element_type=\"column\">\n\t\t\t<div class=\"elementor-column-wrap elementor-element-populated\">\n\t\t\t\t\t\t\t<div class=\"elementor-widget-wrap\">\n\t\t\t\t\t\t<div class=\"elementor-element elementor-element-ef36cc6 elementor-widget elementor-widget-image\" data-id=\"ef36cc6\" data-element_type=\"widget\" data-widget_type=\"image.default\">\n\t\t\t\t<div class=\"elementor-widget-container\">\n\t\t\t\t\t\t\t\t<div class=\"elementor-image\">\n\t\t\t\t\t\t\t\t\t\t\t\t<img loading=\"lazy\" decoding=\"async\" width=\"840\" height=\"840\" src=\"https:\/\/nathalyarocas.com\/wp-content\/uploads\/2021\/11\/Drainage-visage-2-1024x1024.png\" class=\"attachment-large size-large\" alt=\"\" srcset=\"https:\/\/nathalyarocas.com\/wp-content\/uploads\/2021\/11\/Drainage-visage-2-1024x1024.png 1024w, https:\/\/nathalyarocas.com\/wp-content\/uploads\/2021\/11\/Drainage-visage-2-300x300.png 300w, https:\/\/nathalyarocas.com\/wp-content\/uploads\/2021\/11\/Drainage-visage-2-150x150.png 150w, https:\/\/nathalyarocas.com\/wp-content\/uploads\/2021\/11\/Drainage-visage-2-768x768.png 768w, https:\/\/nathalyarocas.com\/wp-content\/uploads\/2021\/11\/Drainage-visage-2-370x370.png 370w, https:\/\/nathalyarocas.com\/wp-content\/uploads\/2021\/11\/Drainage-visage-2-1040x1040.png 1040w, https:\/\/nathalyarocas.com\/wp-content\/uploads\/2021\/11\/Drainage-visage-2-600x600.png 600w, https:\/\/nathalyarocas.com\/wp-content\/uploads\/2021\/11\/Drainage-visage-2-100x100.png 100w, https:\/\/nathalyarocas.com\/wp-content\/uploads\/2021\/11\/Drainage-visage-2.png 1080w\" sizes=\"auto, (max-width: 840px) 100vw, 840px\" \/>\t\t\t\t\t\t\t\t\t\t\t\t\t\t<\/div>\n\t\t\t\t\t\t<\/div>\n\t\t\t\t<\/div>\n\t\t\t\t\t\t<\/div>\n\t\t\t\t\t<\/div>\n\t\t<\/div>\n\t\t\t\t\t\t\t\t<\/div>\n\t\t\t\t\t<\/div>\n\t\t<\/section>\n\t\t\t\t<section class=\"elementor-section elementor-top-section elementor-element elementor-element-c9008f9 elementor-section-boxed elementor-section-height-default elementor-section-height-default\" data-id=\"c9008f9\" data-element_type=\"section\">\n\t\t\t\t\t\t<div class=\"elementor-container elementor-column-gap-default\">\n\t\t\t\t\t\t\t<div class=\"elementor-row\">\n\t\t\t\t\t<div class=\"elementor-column elementor-col-100 elementor-top-column elementor-element elementor-element-6ae2889\" data-id=\"6ae2889\" data-element_type=\"column\">\n\t\t\t<div class=\"elementor-column-wrap elementor-element-populated\">\n\t\t\t\t\t\t\t<div class=\"elementor-widget-wrap\">\n\t\t\t\t\t\t<div class=\"elementor-element elementor-element-91a9bf5 elementor-widget elementor-widget-image\" data-id=\"91a9bf5\" data-element_type=\"widget\" data-widget_type=\"image.default\">\n\t\t\t\t<div class=\"elementor-widget-container\">\n\t\t\t\t\t\t\t\t<div class=\"elementor-image\">\n\t\t\t\t\t\t\t\t\t\t\t\t<img loading=\"lazy\" decoding=\"async\" width=\"840\" height=\"494\" src=\"https:\/\/nathalyarocas.com\/wp-content\/uploads\/2021\/09\/Drainage-exemple-4.png\" class=\"attachment-large size-large\" alt=\"\" srcset=\"https:\/\/nathalyarocas.com\/wp-content\/uploads\/2021\/09\/Drainage-exemple-4.png 1004w, https:\/\/nathalyarocas.com\/wp-content\/uploads\/2021\/09\/Drainage-exemple-4-300x176.png 300w, https:\/\/nathalyarocas.com\/wp-content\/uploads\/2021\/09\/Drainage-exemple-4-768x451.png 768w, https:\/\/nathalyarocas.com\/wp-content\/uploads\/2021\/09\/Drainage-exemple-4-370x217.png 370w, https:\/\/nathalyarocas.com\/wp-content\/uploads\/2021\/09\/Drainage-exemple-4-600x353.png 600w\" sizes=\"auto, (max-width: 840px) 100vw, 840px\" \/>\t\t\t\t\t\t\t\t\t\t\t\t\t\t<\/div>\n\t\t\t\t\t\t<\/div>\n\t\t\t\t<\/div>\n\t\t\t\t\t\t<\/div>\n\t\t\t\t\t<\/div>\n\t\t<\/div>\n\t\t\t\t\t\t\t\t<\/div>\n\t\t\t\t\t<\/div>\n\t\t<\/section>\n\t\t\t\t<section class=\"elementor-section elementor-top-section elementor-element elementor-element-e92d5aa elementor-section-boxed elementor-section-height-default elementor-section-height-default\" data-id=\"e92d5aa\" data-element_type=\"section\">\n\t\t\t\t\t\t<div class=\"elementor-container elementor-column-gap-default\">\n\t\t\t\t\t\t\t<div class=\"elementor-row\">\n\t\t\t\t\t<div class=\"elementor-column elementor-col-100 elementor-top-column elementor-element elementor-element-e0eae43\" data-id=\"e0eae43\" data-element_type=\"column\">\n\t\t\t<div class=\"elementor-column-wrap elementor-element-populated\">\n\t\t\t\t\t\t\t<div class=\"elementor-widget-wrap\">\n\t\t\t\t\t\t<div class=\"elementor-element elementor-element-e48adb3 elementor-widget elementor-widget-image\" data-id=\"e48adb3\" data-element_type=\"widget\" data-widget_type=\"image.default\">\n\t\t\t\t<div class=\"elementor-widget-container\">\n\t\t\t\t\t\t\t\t<div class=\"elementor-image\">\n\t\t\t\t\t\t\t\t\t\t\t\t<img loading=\"lazy\" decoding=\"async\" width=\"840\" height=\"494\" src=\"https:\/\/nathalyarocas.com\/wp-content\/uploads\/2021\/09\/Drainage-exemple-3.png\" class=\"attachment-large size-large\" alt=\"\" srcset=\"https:\/\/nathalyarocas.com\/wp-content\/uploads\/2021\/09\/Drainage-exemple-3.png 1004w, https:\/\/nathalyarocas.com\/wp-content\/uploads\/2021\/09\/Drainage-exemple-3-300x176.png 300w, https:\/\/nathalyarocas.com\/wp-content\/uploads\/2021\/09\/Drainage-exemple-3-768x451.png 768w, https:\/\/nathalyarocas.com\/wp-content\/uploads\/2021\/09\/Drainage-exemple-3-370x217.png 370w, https:\/\/nathalyarocas.com\/wp-content\/uploads\/2021\/09\/Drainage-exemple-3-600x353.png 600w\" sizes=\"auto, (max-width: 840px) 100vw, 840px\" \/>\t\t\t\t\t\t\t\t\t\t\t\t\t\t<\/div>\n\t\t\t\t\t\t<\/div>\n\t\t\t\t<\/div>\n\t\t\t\t\t\t<\/div>\n\t\t\t\t\t<\/div>\n\t\t<\/div>\n\t\t\t\t\t\t\t\t<\/div>\n\t\t\t\t\t<\/div>\n\t\t<\/section>\n\t\t\t\t<section class=\"elementor-section elementor-top-section elementor-element elementor-element-0695994 elementor-section-boxed elementor-section-height-default elementor-section-height-default\" data-id=\"0695994\" data-element_type=\"section\">\n\t\t\t\t\t\t<div class=\"elementor-container elementor-column-gap-default\">\n\t\t\t\t\t\t\t<div class=\"elementor-row\">\n\t\t\t\t\t<div class=\"elementor-column elementor-col-100 elementor-top-column elementor-element elementor-element-0c384d4\" data-id=\"0c384d4\" data-element_type=\"column\">\n\t\t\t<div class=\"elementor-column-wrap elementor-element-populated\">\n\t\t\t\t\t\t\t<div class=\"elementor-widget-wrap\">\n\t\t\t\t\t\t<div class=\"elementor-element elementor-element-e2848fc elementor-widget elementor-widget-image\" data-id=\"e2848fc\" data-element_type=\"widget\" data-widget_type=\"image.default\">\n\t\t\t\t<div class=\"elementor-widget-container\">\n\t\t\t\t\t\t\t\t<div class=\"elementor-image\">\n\t\t\t\t\t\t\t\t\t\t\t\t<img loading=\"lazy\" decoding=\"async\" width=\"840\" height=\"494\" src=\"https:\/\/nathalyarocas.com\/wp-content\/uploads\/2021\/09\/Drainage-exemple-2.png\" class=\"attachment-large size-large\" alt=\"\" srcset=\"https:\/\/nathalyarocas.com\/wp-content\/uploads\/2021\/09\/Drainage-exemple-2.png 1004w, https:\/\/nathalyarocas.com\/wp-content\/uploads\/2021\/09\/Drainage-exemple-2-300x176.png 300w, https:\/\/nathalyarocas.com\/wp-content\/uploads\/2021\/09\/Drainage-exemple-2-768x451.png 768w, https:\/\/nathalyarocas.com\/wp-content\/uploads\/2021\/09\/Drainage-exemple-2-370x217.png 370w, https:\/\/nathalyarocas.com\/wp-content\/uploads\/2021\/09\/Drainage-exemple-2-600x353.png 600w\" sizes=\"auto, (max-width: 840px) 100vw, 840px\" \/>\t\t\t\t\t\t\t\t\t\t\t\t\t\t<\/div>\n\t\t\t\t\t\t<\/div>\n\t\t\t\t<\/div>\n\t\t\t\t\t\t<\/div>\n\t\t\t\t\t<\/div>\n\t\t<\/div>\n\t\t\t\t\t\t\t\t<\/div>\n\t\t\t\t\t<\/div>\n\t\t<\/section>\n\t\t\t\t<section class=\"elementor-section elementor-top-section elementor-element elementor-element-da37070 elementor-section-boxed elementor-section-height-default elementor-section-height-default\" data-id=\"da37070\" data-element_type=\"section\">\n\t\t\t\t\t\t<div class=\"elementor-container elementor-column-gap-default\">\n\t\t\t\t\t\t\t<div class=\"elementor-row\">\n\t\t\t\t\t<div class=\"elementor-column elementor-col-100 elementor-top-column elementor-element elementor-element-d562421\" data-id=\"d562421\" data-element_type=\"column\">\n\t\t\t<div class=\"elementor-column-wrap elementor-element-populated\">\n\t\t\t\t\t\t\t<div class=\"elementor-widget-wrap\">\n\t\t\t\t\t\t<div class=\"elementor-element elementor-element-6d73269 elementor-widget elementor-widget-image\" data-id=\"6d73269\" data-element_type=\"widget\" data-widget_type=\"image.default\">\n\t\t\t\t<div class=\"elementor-widget-container\">\n\t\t\t\t\t\t\t\t<div class=\"elementor-image\">\n\t\t\t\t\t\t\t\t\t\t\t\t<img loading=\"lazy\" decoding=\"async\" width=\"840\" height=\"494\" src=\"https:\/\/nathalyarocas.com\/wp-content\/uploads\/2021\/11\/Drainage-Nov-3.png\" class=\"attachment-large size-large\" alt=\"\" srcset=\"https:\/\/nathalyarocas.com\/wp-content\/uploads\/2021\/11\/Drainage-Nov-3.png 1004w, https:\/\/nathalyarocas.com\/wp-content\/uploads\/2021\/11\/Drainage-Nov-3-300x176.png 300w, https:\/\/nathalyarocas.com\/wp-content\/uploads\/2021\/11\/Drainage-Nov-3-768x451.png 768w, https:\/\/nathalyarocas.com\/wp-content\/uploads\/2021\/11\/Drainage-Nov-3-370x217.png 370w, https:\/\/nathalyarocas.com\/wp-content\/uploads\/2021\/11\/Drainage-Nov-3-600x353.png 600w\" sizes=\"auto, (max-width: 840px) 100vw, 840px\" \/>\t\t\t\t\t\t\t\t\t\t\t\t\t\t<\/div>\n\t\t\t\t\t\t<\/div>\n\t\t\t\t<\/div>\n\t\t\t\t\t\t<\/div>\n\t\t\t\t\t<\/div>\n\t\t<\/div>\n\t\t\t\t\t\t\t\t<\/div>\n\t\t\t\t\t<\/div>\n\t\t<\/section>\n\t\t\t\t<section class=\"elementor-section elementor-top-section elementor-element elementor-element-e010e06 elementor-section-boxed elementor-section-height-default elementor-section-height-default\" data-id=\"e010e06\" data-element_type=\"section\">\n\t\t\t\t\t\t<div class=\"elementor-container elementor-column-gap-default\">\n\t\t\t\t\t\t\t<div class=\"elementor-row\">\n\t\t\t\t\t<div class=\"elementor-column elementor-col-100 elementor-top-column elementor-element elementor-element-112d793\" data-id=\"112d793\" data-element_type=\"column\">\n\t\t\t<div class=\"elementor-column-wrap elementor-element-populated\">\n\t\t\t\t\t\t\t<div class=\"elementor-widget-wrap\">\n\t\t\t\t\t\t<div class=\"elementor-element elementor-element-bd825d2 elementor-widget elementor-widget-image\" data-id=\"bd825d2\" data-element_type=\"widget\" data-widget_type=\"image.default\">\n\t\t\t\t<div class=\"elementor-widget-container\">\n\t\t\t\t\t\t\t\t<div class=\"elementor-image\">\n\t\t\t\t\t\t\t\t\t\t\t\t<img loading=\"lazy\" decoding=\"async\" width=\"768\" height=\"451\" src=\"https:\/\/nathalyarocas.com\/wp-content\/uploads\/2021\/09\/Drainage-exemple-768x451.png\" class=\"attachment-medium_large size-medium_large\" alt=\"\" srcset=\"https:\/\/nathalyarocas.com\/wp-content\/uploads\/2021\/09\/Drainage-exemple-768x451.png 768w, https:\/\/nathalyarocas.com\/wp-content\/uploads\/2021\/09\/Drainage-exemple-300x176.png 300w, https:\/\/nathalyarocas.com\/wp-content\/uploads\/2021\/09\/Drainage-exemple-370x217.png 370w, https:\/\/nathalyarocas.com\/wp-content\/uploads\/2021\/09\/Drainage-exemple-600x353.png 600w, https:\/\/nathalyarocas.com\/wp-content\/uploads\/2021\/09\/Drainage-exemple.png 1004w\" sizes=\"auto, (max-width: 768px) 100vw, 768px\" \/>\t\t\t\t\t\t\t\t\t\t\t\t\t\t<\/div>\n\t\t\t\t\t\t<\/div>\n\t\t\t\t<\/div>\n\t\t\t\t\t\t<\/div>\n\t\t\t\t\t<\/div>\n\t\t<\/div>\n\t\t\t\t\t\t\t\t<\/div>\n\t\t\t\t\t<\/div>\n\t\t<\/section>\n\t\t\t\t\t\t\t\t\t<\/div>\n\t\t\t<\/div>\n\t\t\t\t\t<\/div>\n\t\t","protected":false},"excerpt":{"rendered":"<p>Massages et Drainages Lymphatiques Esth\u00e9tiques: Paris 15 : \u00e0 DomicileGarches (92): Espace drainageValenton (94): Espace bien-\u00eatre Relax&rsquo;n&rsquo;dance (en attente de r\u00e9novation)A Domicile sur demande: 94 &hellip; <\/p>\n","protected":false},"author":1,"featured_media":0,"parent":0,"menu_order":0,"comment_status":"closed","ping_status":"closed","template":"","meta":{"footnotes":""},"class_list":["post-548","page","type-page","status-publish","hentry","latest_post"],"jetpack_sharing_enabled":true,"_links":{"self":[{"href":"https:\/\/nathalyarocas.com\/index.php?rest_route=\/wp\/v2\/pages\/548","targetHints":{"allow":["GET"]}}],"collection":[{"href":"https:\/\/nathalyarocas.com\/index.php?rest_route=\/wp\/v2\/pages"}],"about":[{"href":"https:\/\/nathalyarocas.com\/index.php?rest_route=\/wp\/v2\/types\/page"}],"author":[{"embeddable":true,"href":"https:\/\/nathalyarocas.com\/index.php?rest_route=\/wp\/v2\/users\/1"}],"replies":[{"embeddable":true,"href":"https:\/\/nathalyarocas.com\/index.php?rest_route=%2Fwp%2Fv2%2Fcomments&post=548"}],"version-history":[{"count":63,"href":"https:\/\/nathalyarocas.com\/index.php?rest_route=\/wp\/v2\/pages\/548\/revisions"}],"predecessor-version":[{"id":1152,"href":"https:\/\/nathalyarocas.com\/index.php?rest_route=\/wp\/v2\/pages\/548\/revisions\/1152"}],"wp:attachment":[{"href":"https:\/\/nathalyarocas.com\/index.php?rest_route=%2Fwp%2Fv2%2Fmedia&parent=548"}],"curies":[{"name":"wp","href":"https:\/\/api.w.org\/{rel}","templated":true}]}}