{"id":456,"date":"2021-02-05T19:07:07","date_gmt":"2021-02-05T18:07:07","guid":{"rendered":"https:\/\/nathalyarocas.com\/?page_id=456"},"modified":"2026-02-15T15:50:56","modified_gmt":"2026-02-15T14:50:56","slug":"massages-a-domicile","status":"publish","type":"page","link":"https:\/\/nathalyarocas.com\/?page_id=456","title":{"rendered":"Week-End Bien-Etre"},"content":{"rendered":"\t\t<div data-elementor-type=\"wp-page\" data-elementor-id=\"456\" class=\"elementor elementor-456\">\n\t\t\t\t\t\t<div class=\"elementor-inner\">\n\t\t\t\t<div class=\"elementor-section-wrap\">\n\t\t\t\t\t\t\t\t\t<section class=\"elementor-section elementor-top-section elementor-element elementor-element-fdc039c elementor-section-boxed elementor-section-height-default elementor-section-height-default\" data-id=\"fdc039c\" data-element_type=\"section\">\n\t\t\t\t\t\t<div class=\"elementor-container elementor-column-gap-default\">\n\t\t\t\t\t\t\t<div class=\"elementor-row\">\n\t\t\t\t\t<div class=\"elementor-column elementor-col-100 elementor-top-column elementor-element elementor-element-178d790\" data-id=\"178d790\" data-element_type=\"column\">\n\t\t\t<div class=\"elementor-column-wrap elementor-element-populated\">\n\t\t\t\t\t\t\t<div class=\"elementor-widget-wrap\">\n\t\t\t\t\t\t<div class=\"elementor-element elementor-element-3628996 elementor-widget elementor-widget-heading\" data-id=\"3628996\" data-element_type=\"widget\" data-widget_type=\"heading.default\">\n\t\t\t\t<div class=\"elementor-widget-container\">\n\t\t\t<h2 class=\"elementor-heading-title elementor-size-default\">Danse, Pilates et Stretching en Normandie<\/h2>\t\t<\/div>\n\t\t\t\t<\/div>\n\t\t\t\t\t\t<\/div>\n\t\t\t\t\t<\/div>\n\t\t<\/div>\n\t\t\t\t\t\t\t\t<\/div>\n\t\t\t\t\t<\/div>\n\t\t<\/section>\n\t\t\t\t<section class=\"elementor-section elementor-top-section elementor-element elementor-element-29e5a8c elementor-section-boxed elementor-section-height-default elementor-section-height-default\" data-id=\"29e5a8c\" data-element_type=\"section\">\n\t\t\t\t\t\t<div class=\"elementor-container elementor-column-gap-default\">\n\t\t\t\t\t\t\t<div class=\"elementor-row\">\n\t\t\t\t\t<div class=\"elementor-column elementor-col-100 elementor-top-column elementor-element elementor-element-1a45e21\" data-id=\"1a45e21\" data-element_type=\"column\">\n\t\t\t<div class=\"elementor-column-wrap elementor-element-populated\">\n\t\t\t\t\t\t\t<div class=\"elementor-widget-wrap\">\n\t\t\t\t\t\t<div class=\"elementor-element elementor-element-eaa33fe elementor-aspect-ratio-169 elementor-widget elementor-widget-video\" data-id=\"eaa33fe\" data-element_type=\"widget\" data-settings=\"{&quot;youtube_url&quot;:&quot;https:\\\/\\\/youtu.be\\\/mXFkI2cDcM4&quot;,&quot;autoplay&quot;:&quot;yes&quot;,&quot;play_on_mobile&quot;:&quot;yes&quot;,&quot;video_type&quot;:&quot;youtube&quot;,&quot;controls&quot;:&quot;yes&quot;,&quot;aspect_ratio&quot;:&quot;169&quot;}\" data-widget_type=\"video.default\">\n\t\t\t\t<div class=\"elementor-widget-container\">\n\t\t\t\t\t<div class=\"elementor-wrapper elementor-fit-aspect-ratio elementor-open-inline\">\n\t\t\t<div class=\"elementor-video\"><\/div>\t\t<\/div>\n\t\t\t\t<\/div>\n\t\t\t\t<\/div>\n\t\t\t\t<div class=\"elementor-element elementor-element-bd9bcba elementor-widget elementor-widget-heading\" data-id=\"bd9bcba\" data-element_type=\"widget\" data-widget_type=\"heading.default\">\n\t\t\t\t<div class=\"elementor-widget-container\">\n\t\t\t<h2 class=\"elementor-heading-title elementor-size-medium\">Offrez-vous une parenth\u00e8se de bien-\u00eatre le temps d\u2019un week-end en Normandie, d\u00e9di\u00e9e \u00e0 la danse, au Pilates et \u00e0 la reconnexion a soi. Dans un cadre apaisant, loin du rythme du quotidien, ce week-end invite \u00e0 explorer le corps en douceur \u00e0 travers la danse, le Pilates et le stretching. <\/h2>\t\t<\/div>\n\t\t\t\t<\/div>\n\t\t\t\t<div class=\"elementor-element elementor-element-5bb9c2f elementor-widget elementor-widget-heading\" data-id=\"5bb9c2f\" data-element_type=\"widget\" data-widget_type=\"heading.default\">\n\t\t\t\t<div class=\"elementor-widget-container\">\n\t\t\t<h2 class=\"elementor-heading-title elementor-size-medium\">Les s\u00e9ances de danse favorisent l\u2019expression, la libert\u00e9 de mouvement et le l\u00e2cher-prise, en alliant fluidit\u00e9, plaisir et \u00e9nergie. Le Pilates, quant \u00e0 lui, permet de renforcer les muscles profonds, d\u2019am\u00e9liorer la posture et de d\u00e9velopper une meilleure conscience corporelle. <\/h2>\t\t<\/div>\n\t\t\t\t<\/div>\n\t\t\t\t<div class=\"elementor-element elementor-element-dcbe8c1 elementor-widget elementor-widget-heading\" data-id=\"dcbe8c1\" data-element_type=\"widget\" data-widget_type=\"heading.default\">\n\t\t\t\t<div class=\"elementor-widget-container\">\n\t\t\t<h2 class=\"elementor-heading-title elementor-size-medium\">Les moments de stretching viennent compl\u00e9ter cette exp\u00e9rience en apportant d\u00e9tente, souplesse et rel\u00e2chement des tensions. Rythm\u00e9es par des temps de repos, de massages et de partage, les journ\u00e9es sont pens\u00e9es pour respecter le corps et l\u2019esprit. <\/h2>\t\t<\/div>\n\t\t\t\t<\/div>\n\t\t\t\t<div class=\"elementor-element elementor-element-15edac4 elementor-widget elementor-widget-heading\" data-id=\"15edac4\" data-element_type=\"widget\" data-widget_type=\"heading.default\">\n\t\t\t\t<div class=\"elementor-widget-container\">\n\t\t\t<h2 class=\"elementor-heading-title elementor-size-medium\">Ce week-end bien-\u00eatre est une invitation \u00e0 ralentir, \u00e0 se recentrer et \u00e0 repartir ressourc\u00e9e, plus l\u00e9gere et pleinement reconnect\u00e9e \u00e0 ses sensations.<\/h2>\t\t<\/div>\n\t\t\t\t<\/div>\n\t\t\t\t\t\t<\/div>\n\t\t\t\t\t<\/div>\n\t\t<\/div>\n\t\t\t\t\t\t\t\t<\/div>\n\t\t\t\t\t<\/div>\n\t\t<\/section>\n\t\t\t\t<section class=\"elementor-section elementor-top-section elementor-element elementor-element-3e96c40 elementor-section-boxed elementor-section-height-default elementor-section-height-default\" data-id=\"3e96c40\" data-element_type=\"section\">\n\t\t\t\t\t\t<div class=\"elementor-container elementor-column-gap-default\">\n\t\t\t\t\t\t\t<div class=\"elementor-row\">\n\t\t\t\t\t<div class=\"elementor-column elementor-col-100 elementor-top-column elementor-element elementor-element-e2f23b3\" data-id=\"e2f23b3\" data-element_type=\"column\">\n\t\t\t<div class=\"elementor-column-wrap elementor-element-populated\">\n\t\t\t\t\t\t\t<div class=\"elementor-widget-wrap\">\n\t\t\t\t\t\t<div class=\"elementor-element elementor-element-a3528d8 elementor-widget elementor-widget-image\" data-id=\"a3528d8\" data-element_type=\"widget\" data-widget_type=\"image.default\">\n\t\t\t\t<div class=\"elementor-widget-container\">\n\t\t\t\t\t\t\t\t<div class=\"elementor-image\">\n\t\t\t\t\t\t\t\t\t\t\t\t<img loading=\"lazy\" decoding=\"async\" width=\"720\" height=\"420\" src=\"https:\/\/nathalyarocas.com\/wp-content\/uploads\/2026\/02\/IMG_1560-720x420.jpg\" class=\"attachment-chic-lite-latest size-chic-lite-latest\" alt=\"\" \/>\t\t\t\t\t\t\t\t\t\t\t\t\t\t<\/div>\n\t\t\t\t\t\t<\/div>\n\t\t\t\t<\/div>\n\t\t\t\t\t\t<\/div>\n\t\t\t\t\t<\/div>\n\t\t<\/div>\n\t\t\t\t\t\t\t\t<\/div>\n\t\t\t\t\t<\/div>\n\t\t<\/section>\n\t\t\t\t<section class=\"elementor-section elementor-top-section elementor-element elementor-element-847b4a2 elementor-section-boxed elementor-section-height-default elementor-section-height-default\" data-id=\"847b4a2\" data-element_type=\"section\">\n\t\t\t\t\t\t<div class=\"elementor-container elementor-column-gap-default\">\n\t\t\t\t\t\t\t<div class=\"elementor-row\">\n\t\t\t\t\t<div class=\"elementor-column elementor-col-100 elementor-top-column elementor-element elementor-element-6edf182\" data-id=\"6edf182\" data-element_type=\"column\">\n\t\t\t<div class=\"elementor-column-wrap elementor-element-populated\">\n\t\t\t\t\t\t\t<div class=\"elementor-widget-wrap\">\n\t\t\t\t\t\t<div class=\"elementor-element elementor-element-f8c59e9 elementor-widget elementor-widget-text-editor\" data-id=\"f8c59e9\" data-element_type=\"widget\" data-widget_type=\"text-editor.default\">\n\t\t\t\t<div class=\"elementor-widget-container\">\n\t\t\t\t\t\t\t\t<div class=\"elementor-text-editor elementor-clearfix\">\n\t\t\t\t<p>Pour vous inscrire ou pour toute question,\u00a0<\/p><p>contactez moi par mail <a href=\"mailto:nathaly.arocas@hotmail.com\">nathaly.arocas@hotmail.com<\/a><\/p>\t\t\t\t\t<\/div>\n\t\t\t\t\t\t<\/div>\n\t\t\t\t<\/div>\n\t\t\t\t\t\t<\/div>\n\t\t\t\t\t<\/div>\n\t\t<\/div>\n\t\t\t\t\t\t\t\t<\/div>\n\t\t\t\t\t<\/div>\n\t\t<\/section>\n\t\t\t\t<section class=\"elementor-section elementor-top-section elementor-element elementor-element-ad67718 elementor-section-boxed elementor-section-height-default elementor-section-height-default\" data-id=\"ad67718\" data-element_type=\"section\">\n\t\t\t\t\t\t<div class=\"elementor-container elementor-column-gap-default\">\n\t\t\t\t\t\t\t<div class=\"elementor-row\">\n\t\t\t\t\t<div class=\"elementor-column elementor-col-100 elementor-top-column elementor-element elementor-element-e9d4dfb\" data-id=\"e9d4dfb\" data-element_type=\"column\">\n\t\t\t<div class=\"elementor-column-wrap elementor-element-populated\">\n\t\t\t\t\t\t\t<div class=\"elementor-widget-wrap\">\n\t\t\t\t\t\t<div class=\"elementor-element elementor-element-45d0c3a elementor-widget elementor-widget-image\" data-id=\"45d0c3a\" data-element_type=\"widget\" data-widget_type=\"image.default\">\n\t\t\t\t<div class=\"elementor-widget-container\">\n\t\t\t\t\t\t\t\t<div class=\"elementor-image\">\n\t\t\t\t\t\t\t\t\t\t\t\t<img loading=\"lazy\" decoding=\"async\" width=\"720\" height=\"420\" src=\"https:\/\/nathalyarocas.com\/wp-content\/uploads\/2026\/02\/IMG_1559-720x420.jpg\" class=\"attachment-chic-lite-latest size-chic-lite-latest\" alt=\"\" \/>\t\t\t\t\t\t\t\t\t\t\t\t\t\t<\/div>\n\t\t\t\t\t\t<\/div>\n\t\t\t\t<\/div>\n\t\t\t\t\t\t<\/div>\n\t\t\t\t\t<\/div>\n\t\t<\/div>\n\t\t\t\t\t\t\t\t<\/div>\n\t\t\t\t\t<\/div>\n\t\t<\/section>\n\t\t\t\t<section class=\"elementor-section elementor-top-section elementor-element elementor-element-acf03a2 elementor-section-boxed elementor-section-height-default elementor-section-height-default\" data-id=\"acf03a2\" data-element_type=\"section\">\n\t\t\t\t\t\t<div class=\"elementor-container elementor-column-gap-default\">\n\t\t\t\t\t\t\t<div class=\"elementor-row\">\n\t\t\t\t\t<div class=\"elementor-column elementor-col-100 elementor-top-column elementor-element elementor-element-e887568\" data-id=\"e887568\" data-element_type=\"column\">\n\t\t\t<div class=\"elementor-column-wrap\">\n\t\t\t\t\t\t\t<div class=\"elementor-widget-wrap\">\n\t\t\t\t\t\t\t\t<\/div>\n\t\t\t\t\t<\/div>\n\t\t<\/div>\n\t\t\t\t\t\t\t\t<\/div>\n\t\t\t\t\t<\/div>\n\t\t<\/section>\n\t\t\t\t<section class=\"elementor-section elementor-top-section elementor-element elementor-element-f8daf3f elementor-section-boxed elementor-section-height-default elementor-section-height-default\" data-id=\"f8daf3f\" data-element_type=\"section\">\n\t\t\t\t\t\t<div class=\"elementor-container elementor-column-gap-default\">\n\t\t\t\t\t\t\t<div class=\"elementor-row\">\n\t\t\t\t\t<div class=\"elementor-column elementor-col-100 elementor-top-column elementor-element elementor-element-c51729e\" data-id=\"c51729e\" data-element_type=\"column\">\n\t\t\t<div class=\"elementor-column-wrap elementor-element-populated\">\n\t\t\t\t\t\t\t<div class=\"elementor-widget-wrap\">\n\t\t\t\t\t\t<div class=\"elementor-element elementor-element-f83bbd0 elementor-widget elementor-widget-heading\" data-id=\"f83bbd0\" data-element_type=\"widget\" data-widget_type=\"heading.default\">\n\t\t\t\t<div class=\"elementor-widget-container\">\n\t\t\t<h2 class=\"elementor-heading-title elementor-size-default\">Planning du Week-End : 30 octobre au 1er novembre<\/h2>\t\t<\/div>\n\t\t\t\t<\/div>\n\t\t\t\t\t\t<\/div>\n\t\t\t\t\t<\/div>\n\t\t<\/div>\n\t\t\t\t\t\t\t\t<\/div>\n\t\t\t\t\t<\/div>\n\t\t<\/section>\n\t\t\t\t<section class=\"elementor-section elementor-top-section elementor-element elementor-element-d6029b0 elementor-section-boxed elementor-section-height-default elementor-section-height-default\" data-id=\"d6029b0\" data-element_type=\"section\">\n\t\t\t\t\t\t<div class=\"elementor-container elementor-column-gap-default\">\n\t\t\t\t\t\t\t<div class=\"elementor-row\">\n\t\t\t\t\t<div class=\"elementor-column elementor-col-100 elementor-top-column elementor-element elementor-element-634a2b6\" data-id=\"634a2b6\" data-element_type=\"column\">\n\t\t\t<div class=\"elementor-column-wrap elementor-element-populated\">\n\t\t\t\t\t\t\t<div class=\"elementor-widget-wrap\">\n\t\t\t\t\t\t<div class=\"elementor-element elementor-element-c451b8b elementor-widget elementor-widget-image\" data-id=\"c451b8b\" data-element_type=\"widget\" data-widget_type=\"image.default\">\n\t\t\t\t<div class=\"elementor-widget-container\">\n\t\t\t\t\t\t\t\t<div class=\"elementor-image\">\n\t\t\t\t\t\t\t\t\t\t\t\t<img loading=\"lazy\" decoding=\"async\" width=\"724\" height=\"1024\" src=\"https:\/\/nathalyarocas.com\/wp-content\/uploads\/2026\/02\/3-1-scaled.png\" class=\"attachment-large size-large\" alt=\"\" srcset=\"https:\/\/nathalyarocas.com\/wp-content\/uploads\/2026\/02\/3-1-scaled.png 1810w, https:\/\/nathalyarocas.com\/wp-content\/uploads\/2026\/02\/3-1-212x300.png 212w\" sizes=\"auto, (max-width: 724px) 100vw, 724px\" \/>\t\t\t\t\t\t\t\t\t\t\t\t\t\t<\/div>\n\t\t\t\t\t\t<\/div>\n\t\t\t\t<\/div>\n\t\t\t\t\t\t<\/div>\n\t\t\t\t\t<\/div>\n\t\t<\/div>\n\t\t\t\t\t\t\t\t<\/div>\n\t\t\t\t\t<\/div>\n\t\t<\/section>\n\t\t\t\t<section class=\"elementor-section elementor-top-section elementor-element elementor-element-4d65db0 elementor-section-boxed elementor-section-height-default elementor-section-height-default\" data-id=\"4d65db0\" data-element_type=\"section\">\n\t\t\t\t\t\t<div class=\"elementor-container elementor-column-gap-default\">\n\t\t\t\t\t\t\t<div class=\"elementor-row\">\n\t\t\t\t\t<div class=\"elementor-column elementor-col-100 elementor-top-column elementor-element elementor-element-e090a30\" data-id=\"e090a30\" data-element_type=\"column\">\n\t\t\t<div class=\"elementor-column-wrap elementor-element-populated\">\n\t\t\t\t\t\t\t<div class=\"elementor-widget-wrap\">\n\t\t\t\t\t\t<div class=\"elementor-element elementor-element-3d51cb7 elementor-widget elementor-widget-heading\" data-id=\"3d51cb7\" data-element_type=\"widget\" data-widget_type=\"heading.default\">\n\t\t\t\t<div class=\"elementor-widget-container\">\n\t\t\t<h2 class=\"elementor-heading-title elementor-size-default\">Chambres et Tarifs<\/h2>\t\t<\/div>\n\t\t\t\t<\/div>\n\t\t\t\t\t\t<\/div>\n\t\t\t\t\t<\/div>\n\t\t<\/div>\n\t\t\t\t\t\t\t\t<\/div>\n\t\t\t\t\t<\/div>\n\t\t<\/section>\n\t\t\t\t<section class=\"elementor-section elementor-top-section elementor-element elementor-element-7db6a24 elementor-section-boxed elementor-section-height-default elementor-section-height-default\" data-id=\"7db6a24\" data-element_type=\"section\">\n\t\t\t\t\t\t<div class=\"elementor-container elementor-column-gap-default\">\n\t\t\t\t\t\t\t<div class=\"elementor-row\">\n\t\t\t\t\t<div class=\"elementor-column elementor-col-100 elementor-top-column elementor-element elementor-element-74045a1\" data-id=\"74045a1\" data-element_type=\"column\">\n\t\t\t<div class=\"elementor-column-wrap elementor-element-populated\">\n\t\t\t\t\t\t\t<div class=\"elementor-widget-wrap\">\n\t\t\t\t\t\t<div class=\"elementor-element elementor-element-0e864dd elementor-widget elementor-widget-image\" data-id=\"0e864dd\" data-element_type=\"widget\" data-widget_type=\"image.default\">\n\t\t\t\t<div class=\"elementor-widget-container\">\n\t\t\t\t\t\t\t\t<div class=\"elementor-image\">\n\t\t\t\t\t\t\t\t\t\t\t\t<img loading=\"lazy\" decoding=\"async\" width=\"724\" height=\"1024\" src=\"https:\/\/nathalyarocas.com\/wp-content\/uploads\/2026\/02\/4-1-scaled.png\" class=\"attachment-large size-large\" alt=\"\" srcset=\"https:\/\/nathalyarocas.com\/wp-content\/uploads\/2026\/02\/4-1-scaled.png 1810w, https:\/\/nathalyarocas.com\/wp-content\/uploads\/2026\/02\/4-1-212x300.png 212w\" sizes=\"auto, (max-width: 724px) 100vw, 724px\" \/>\t\t\t\t\t\t\t\t\t\t\t\t\t\t<\/div>\n\t\t\t\t\t\t<\/div>\n\t\t\t\t<\/div>\n\t\t\t\t\t\t<\/div>\n\t\t\t\t\t<\/div>\n\t\t<\/div>\n\t\t\t\t\t\t\t\t<\/div>\n\t\t\t\t\t<\/div>\n\t\t<\/section>\n\t\t\t\t<section class=\"elementor-section elementor-top-section elementor-element elementor-element-ec7b76e elementor-section-boxed elementor-section-height-default elementor-section-height-default\" data-id=\"ec7b76e\" data-element_type=\"section\">\n\t\t\t\t\t\t<div class=\"elementor-container elementor-column-gap-default\">\n\t\t\t\t\t\t\t<div class=\"elementor-row\">\n\t\t\t\t\t<div class=\"elementor-column elementor-col-100 elementor-top-column elementor-element elementor-element-23dab1f\" data-id=\"23dab1f\" data-element_type=\"column\">\n\t\t\t<div class=\"elementor-column-wrap elementor-element-populated\">\n\t\t\t\t\t\t\t<div class=\"elementor-widget-wrap\">\n\t\t\t\t\t\t<div class=\"elementor-element elementor-element-5de7434 elementor-widget elementor-widget-image\" data-id=\"5de7434\" data-element_type=\"widget\" data-widget_type=\"image.default\">\n\t\t\t\t<div class=\"elementor-widget-container\">\n\t\t\t\t\t\t\t\t<div class=\"elementor-image\">\n\t\t\t\t\t\t\t\t\t\t\t\t<img loading=\"lazy\" decoding=\"async\" width=\"600\" height=\"338\" src=\"https:\/\/nathalyarocas.com\/wp-content\/uploads\/2026\/02\/logo-Relaxndance-2-600x338.png\" class=\"attachment-woocommerce_single size-woocommerce_single\" alt=\"\" srcset=\"https:\/\/nathalyarocas.com\/wp-content\/uploads\/2026\/02\/logo-Relaxndance-2-600x338.png 600w, https:\/\/nathalyarocas.com\/wp-content\/uploads\/2026\/02\/logo-Relaxndance-2-300x169.png 300w, https:\/\/nathalyarocas.com\/wp-content\/uploads\/2026\/02\/logo-Relaxndance-2-1024x577.png 1024w, https:\/\/nathalyarocas.com\/wp-content\/uploads\/2026\/02\/logo-Relaxndance-2-768x433.png 768w, https:\/\/nathalyarocas.com\/wp-content\/uploads\/2026\/02\/logo-Relaxndance-2-1536x865.png 1536w, https:\/\/nathalyarocas.com\/wp-content\/uploads\/2026\/02\/logo-Relaxndance-2-2048x1154.png 2048w, https:\/\/nathalyarocas.com\/wp-content\/uploads\/2026\/02\/logo-Relaxndance-2-106x60.png 106w, https:\/\/nathalyarocas.com\/wp-content\/uploads\/2026\/02\/logo-Relaxndance-2-840x473.png 840w\" sizes=\"auto, (max-width: 600px) 100vw, 600px\" \/>\t\t\t\t\t\t\t\t\t\t\t\t\t\t<\/div>\n\t\t\t\t\t\t<\/div>\n\t\t\t\t<\/div>\n\t\t\t\t\t\t<\/div>\n\t\t\t\t\t<\/div>\n\t\t<\/div>\n\t\t\t\t\t\t\t\t<\/div>\n\t\t\t\t\t<\/div>\n\t\t<\/section>\n\t\t\t\t\t\t\t\t\t<\/div>\n\t\t\t<\/div>\n\t\t\t\t\t<\/div>\n\t\t","protected":false},"excerpt":{"rendered":"<p>Danse, Pilates et Stretching en Normandie Offrez-vous une parenth\u00e8se de bien-\u00eatre le temps d\u2019un week-end en Normandie, d\u00e9di\u00e9e \u00e0 la danse, au Pilates et \u00e0 &hellip; <\/p>\n","protected":false},"author":1,"featured_media":0,"parent":0,"menu_order":0,"comment_status":"closed","ping_status":"closed","template":"","meta":{"footnotes":""},"class_list":["post-456","page","type-page","status-publish","hentry","latest_post"],"jetpack_sharing_enabled":true,"_links":{"self":[{"href":"https:\/\/nathalyarocas.com\/index.php?rest_route=\/wp\/v2\/pages\/456","targetHints":{"allow":["GET"]}}],"collection":[{"href":"https:\/\/nathalyarocas.com\/index.php?rest_route=\/wp\/v2\/pages"}],"about":[{"href":"https:\/\/nathalyarocas.com\/index.php?rest_route=\/wp\/v2\/types\/page"}],"author":[{"embeddable":true,"href":"https:\/\/nathalyarocas.com\/index.php?rest_route=\/wp\/v2\/users\/1"}],"replies":[{"embeddable":true,"href":"https:\/\/nathalyarocas.com\/index.php?rest_route=%2Fwp%2Fv2%2Fcomments&post=456"}],"version-history":[{"count":214,"href":"https:\/\/nathalyarocas.com\/index.php?rest_route=\/wp\/v2\/pages\/456\/revisions"}],"predecessor-version":[{"id":1168,"href":"https:\/\/nathalyarocas.com\/index.php?rest_route=\/wp\/v2\/pages\/456\/revisions\/1168"}],"wp:attachment":[{"href":"https:\/\/nathalyarocas.com\/index.php?rest_route=%2Fwp%2Fv2%2Fmedia&parent=456"}],"curies":[{"name":"wp","href":"https:\/\/api.w.org\/{rel}","templated":true}]}}