{"id":111,"date":"2019-08-11T13:28:25","date_gmt":"2019-08-11T11:28:25","guid":{"rendered":"https:\/\/nathalyarocas.com\/?page_id=111"},"modified":"2021-03-31T11:59:11","modified_gmt":"2021-03-31T09:59:11","slug":"biographie","status":"publish","type":"page","link":"https:\/\/nathalyarocas.com\/?page_id=111","title":{"rendered":"BIOGRAPHIE"},"content":{"rendered":"\t\t<div data-elementor-type=\"wp-post\" data-elementor-id=\"111\" class=\"elementor elementor-111\">\n\t\t\t\t\t\t<div class=\"elementor-inner\">\n\t\t\t\t<div class=\"elementor-section-wrap\">\n\t\t\t\t\t\t\t\t\t<section class=\"elementor-section elementor-top-section elementor-element elementor-element-acb4fe2 elementor-section-boxed elementor-section-height-default elementor-section-height-default\" data-id=\"acb4fe2\" data-element_type=\"section\">\n\t\t\t\t\t\t<div class=\"elementor-container elementor-column-gap-default\">\n\t\t\t\t\t\t\t<div class=\"elementor-row\">\n\t\t\t\t\t<div class=\"elementor-column elementor-col-100 elementor-top-column elementor-element elementor-element-b49af08\" data-id=\"b49af08\" data-element_type=\"column\">\n\t\t\t<div class=\"elementor-column-wrap elementor-element-populated\">\n\t\t\t\t\t\t\t<div class=\"elementor-widget-wrap\">\n\t\t\t\t\t\t<div class=\"elementor-element elementor-element-ad79b65 elementor-widget elementor-widget-image\" data-id=\"ad79b65\" data-element_type=\"widget\" data-widget_type=\"image.default\">\n\t\t\t\t<div class=\"elementor-widget-container\">\n\t\t\t\t\t\t\t\t<div class=\"elementor-image\">\n\t\t\t\t\t\t\t\t\t\t\t\t<img loading=\"lazy\" decoding=\"async\" width=\"840\" height=\"388\" src=\"https:\/\/nathalyarocas.com\/wp-content\/uploads\/2020\/10\/IMG_2478-1024x473.png\" class=\"attachment-large size-large\" alt=\"\" srcset=\"https:\/\/nathalyarocas.com\/wp-content\/uploads\/2020\/10\/IMG_2478-1024x473.png 1024w, https:\/\/nathalyarocas.com\/wp-content\/uploads\/2020\/10\/IMG_2478-600x277.png 600w, https:\/\/nathalyarocas.com\/wp-content\/uploads\/2020\/10\/IMG_2478-300x139.png 300w, https:\/\/nathalyarocas.com\/wp-content\/uploads\/2020\/10\/IMG_2478-768x355.png 768w, https:\/\/nathalyarocas.com\/wp-content\/uploads\/2020\/10\/IMG_2478-1536x709.png 1536w, https:\/\/nathalyarocas.com\/wp-content\/uploads\/2020\/10\/IMG_2478-2048x946.png 2048w, https:\/\/nathalyarocas.com\/wp-content\/uploads\/2020\/10\/IMG_2478-370x171.png 370w, https:\/\/nathalyarocas.com\/wp-content\/uploads\/2020\/10\/IMG_2478-1040x480.png 1040w\" sizes=\"auto, (max-width: 840px) 100vw, 840px\" \/>\t\t\t\t\t\t\t\t\t\t\t\t\t\t<\/div>\n\t\t\t\t\t\t<\/div>\n\t\t\t\t<\/div>\n\t\t\t\t\t\t<\/div>\n\t\t\t\t\t<\/div>\n\t\t<\/div>\n\t\t\t\t\t\t\t\t<\/div>\n\t\t\t\t\t<\/div>\n\t\t<\/section>\n\t\t\t\t<section class=\"elementor-section elementor-top-section elementor-element elementor-element-2eda1ef elementor-section-boxed elementor-section-height-default elementor-section-height-default\" data-id=\"2eda1ef\" data-element_type=\"section\">\n\t\t\t\t\t\t<div class=\"elementor-container elementor-column-gap-default\">\n\t\t\t\t\t\t\t<div class=\"elementor-row\">\n\t\t\t\t\t<div class=\"elementor-column elementor-col-100 elementor-top-column elementor-element elementor-element-c63aa4c\" data-id=\"c63aa4c\" data-element_type=\"column\">\n\t\t\t<div class=\"elementor-column-wrap elementor-element-populated\">\n\t\t\t\t\t\t\t<div class=\"elementor-widget-wrap\">\n\t\t\t\t\t\t<div class=\"elementor-element elementor-element-13de31e elementor-widget elementor-widget-text-editor\" data-id=\"13de31e\" data-element_type=\"widget\" data-widget_type=\"text-editor.default\">\n\t\t\t\t<div class=\"elementor-widget-container\">\n\t\t\t\t\t\t\t\t<div class=\"elementor-text-editor elementor-clearfix\">\n\t\t\t\t<p style=\"caret-color: #000000; color: #000000; margin: 0cm 0cm 8pt; line-height: 15.693333625793457px; font-size: 11pt; font-family: Calibri, sans-serif;\"><strong><span style=\"color: #000000; font-family: Calibri, sans-serif;\"><span style=\"caret-color: #000000; font-size: 11pt;\">Nathaly Arocas, form\u00e9e \u00e0 l\u2019\u00e9cole de danse Silva Ricard (Millau), en Danse Classique, Jazz et Hip Hop. <\/span><\/span><\/strong><\/p>\n<p style=\"caret-color: #000000; color: #000000; margin: 0cm 0cm 8pt; line-height: 15.693333625793457px; font-size: 11pt; font-family: Calibri, sans-serif;\"><strong><span style=\"color: #000000; font-family: Calibri, sans-serif;\"><span style=\"caret-color: #000000; font-size: 11pt;\">Elle int\u00e8gre \u00e0 14 ans le jeune Ballet Silva Ricard avec lequel elle&nbsp;<\/span><span style=\"caret-color: #000000; font-size: 14.666666984558105px;\">interpr\u00e9tera<\/span><span style=\"caret-color: #000000; font-size: 11pt;\">&nbsp;diff\u00e9rents spectacles et cr\u00e9ations partout en France, Espagne, Portugal et au S\u00e9n\u00e9gal.<\/span><\/span><\/strong><\/p>\n<p style=\"caret-color: #000000; color: #000000; margin: 0cm 0cm 8pt; line-height: 15.693333625793457px; font-size: 11pt; font-family: Calibri, sans-serif;\"><strong>A 17 ans elle part terminer sa formation de danseuse a la Milwaukee High School Of The Art aux USA, ajoutant la com\u00e9die musicale, Broadway Jazz, le moderne, le Pilates et le Street Jazz \u00e0 ses comp\u00e9tences. Dipl\u00f4m\u00e9e de la Milwaukee of The Art avec la mention \u00ab&nbsp;Best Ballet DANCER&nbsp;\u00bb.<\/strong><\/p>\n<p style=\"caret-color: #000000; color: #000000; margin: 0cm 0cm 8pt; line-height: 15.693333625793457px; font-size: 11pt; font-family: Calibri, sans-serif;\"><strong><span style=\"color: #000000; font-family: Calibri, sans-serif;\"><span style=\"caret-color: #000000; font-size: 11pt;\">Aux USA, elle jouera dans des com\u00e9dies musicales telles que West Side Story et AIDA avec&nbsp;<\/span><span style=\"caret-color: #000000; font-size: 14.666666984558105px;\">plusieurs<\/span><span style=\"caret-color: #000000; font-size: 11pt;\">&nbsp;repr\u00e9sentations \u00e0 travers les Etats-Unis et int\u00e8grera la Dancework Modern Compagny.<\/span><\/span><\/strong><\/p>\n<p style=\"caret-color: #000000; color: #000000; margin: 0cm 0cm 8pt; line-height: 15.693333625793457px; font-size: 11pt; font-family: Calibri, sans-serif;\"><strong>Elle rentre en France o\u00f9 elle obtient son EAT Jazz et son dipl\u00f4me d\u2019Etat de Professeur de danse ainsi que son dipl\u00f4me de Professeur Handidanse (option d\u00e9ficiences intellectuelles et autisme). <\/strong><\/p>\n<p style=\"caret-color: #000000; color: #000000; margin: 0cm 0cm 8pt; line-height: 15.693333625793457px; font-size: 11pt; font-family: Calibri, sans-serif;\"><strong>Instructeur Pilates, Yoga, Pilates-Yoga, Femmes Enceinte et Seniors et Pilates Post th\u00e9rapie.<\/strong><\/p>\n<p style=\"caret-color: #000000; color: #000000; margin: 0cm 0cm 8pt; line-height: 15.693333625793457px; font-size: 11pt; font-family: Calibri, sans-serif;\"><span style=\"font-weight: 700;\">Formation en massage bien-\u00eatre, relaxation, sophrologie et m\u00e9ditation.<\/span><br><\/p>\n<p style=\"caret-color: #000000; color: #000000; margin: 0cm 0cm 8pt; line-height: 15.693333625793457px; font-size: 11pt; font-family: Calibri, sans-serif;\"><strong>Danseuse sur plusieurs \u00e9missions de t\u00e9l\u00e9vision (TF1 &amp; France Television).<\/strong><\/p>\n<p style=\"caret-color: #000000; color: #000000; margin: 0cm 0cm 8pt; line-height: 15.693333625793457px; font-size: 11pt; font-family: Calibri, sans-serif;\"><strong>Enseignante pendant quelques ann\u00e9es au Studio Harmonic a Paris, elle dispense des cours \u00e0 Paris 15 et en banlieue parisienne aux enfants et aux adultes de 4 \u00e0 95 ans&nbsp;!<\/strong><\/p>\n<p style=\"caret-color: #000000; color: #000000; margin: 0cm 0cm 8pt; line-height: 15.693333625793457px; font-size: 11pt; font-family: Calibri, sans-serif;\"><strong>\u00ab\u00a0Pr\u00e9paration aux Concours, \u00e0 la sc\u00e8ne, \u00e0 l\u2019EAT, aux auditions et au Dipl\u00f4me d\u2019\u00e9tat.\u00a0\u00bb<\/strong><\/p>\t\t\t\t\t<\/div>\n\t\t\t\t\t\t<\/div>\n\t\t\t\t<\/div>\n\t\t\t\t\t\t<\/div>\n\t\t\t\t\t<\/div>\n\t\t<\/div>\n\t\t\t\t\t\t\t\t<\/div>\n\t\t\t\t\t<\/div>\n\t\t<\/section>\n\t\t\t\t\t\t\t\t\t<\/div>\n\t\t\t<\/div>\n\t\t\t\t\t<\/div>\n\t\t","protected":false},"excerpt":{"rendered":"<p>Nathaly Arocas, form\u00e9e \u00e0 l\u2019\u00e9cole de danse Silva Ricard (Millau), en Danse Classique, Jazz et Hip Hop. Elle int\u00e8gre \u00e0 14 ans le jeune Ballet &hellip; <\/p>\n","protected":false},"author":1,"featured_media":0,"parent":0,"menu_order":0,"comment_status":"closed","ping_status":"closed","template":"","meta":{"footnotes":""},"class_list":["post-111","page","type-page","status-publish","hentry","latest_post"],"jetpack_sharing_enabled":true,"_links":{"self":[{"href":"https:\/\/nathalyarocas.com\/index.php?rest_route=\/wp\/v2\/pages\/111","targetHints":{"allow":["GET"]}}],"collection":[{"href":"https:\/\/nathalyarocas.com\/index.php?rest_route=\/wp\/v2\/pages"}],"about":[{"href":"https:\/\/nathalyarocas.com\/index.php?rest_route=\/wp\/v2\/types\/page"}],"author":[{"embeddable":true,"href":"https:\/\/nathalyarocas.com\/index.php?rest_route=\/wp\/v2\/users\/1"}],"replies":[{"embeddable":true,"href":"https:\/\/nathalyarocas.com\/index.php?rest_route=%2Fwp%2Fv2%2Fcomments&post=111"}],"version-history":[{"count":16,"href":"https:\/\/nathalyarocas.com\/index.php?rest_route=\/wp\/v2\/pages\/111\/revisions"}],"predecessor-version":[{"id":503,"href":"https:\/\/nathalyarocas.com\/index.php?rest_route=\/wp\/v2\/pages\/111\/revisions\/503"}],"wp:attachment":[{"href":"https:\/\/nathalyarocas.com\/index.php?rest_route=%2Fwp%2Fv2%2Fmedia&parent=111"}],"curies":[{"name":"wp","href":"https:\/\/api.w.org\/{rel}","templated":true}]}}